{"id":6,"date":"2020-11-09T16:06:53","date_gmt":"2020-11-09T16:06:53","guid":{"rendered":"https:\/\/redcount.pt\/home\/"},"modified":"2025-01-08T15:46:20","modified_gmt":"2025-01-08T15:46:20","slug":"home","status":"publish","type":"page","link":"https:\/\/redcount.pt\/pt\/","title":{"rendered":"Inicio"},"content":{"rendered":"A nossa an\u00e1lise \u00e9 o seu\n\n\n\n<p><font style=\"font-size: 48px; font-family: &quot;Arial Black&quot;, Gadget, sans-serif;\" color=\"#a20505\">Resultado<\/font> <span style=\"font-size: 22px;\">financeiro<\/span><\/p>\n\n\n\n\n\n\n\n\n\n\n\n\n\n<p [object namednodemap]>Fazemos parecer assim t\u00e3o f\u00e1cil<br>1 + 1 = 2\u00a0<span style=\"color: rgb(0, 176, 80); font-family: &quot;Arial Narrow&quot;, sans-serif; font-size: 12pt; text-align: justify; background-color: transparent;\">\u221a<\/span><\/p>\n\n\n\n\n\n<p>We show you how&#8230;<br>You show us the results.<\/p>\n\n\n\n\n\n<p [object namednodemap]>You dream it&#8230; we build it.<br>A vossa companhia, as vossas regras.<\/p>\n\n\n\n\n\n\n\n\n\nAs vossas obriga\u00e7\u00f5es fiscais s\u00e3o a nossa principal responsabilidade.\n\n\n\n\n\n<p>We know you&#8230;<br>Let us introduce you to the tax authority.<\/p>","protected":false},"excerpt":{"rendered":"","protected":false},"author":1,"featured_media":0,"parent":0,"menu_order":0,"comment_status":"closed","ping_status":"closed","template":"","meta":{"pagelayer_contact_templates":[],"_pagelayer_content":"","footnotes":""},"class_list":["post-6","page","type-page","status-publish","hentry"],"_links":{"self":[{"href":"https:\/\/redcount.pt\/pt\/wp-json\/wp\/v2\/pages\/6","targetHints":{"allow":["GET"]}}],"collection":[{"href":"https:\/\/redcount.pt\/pt\/wp-json\/wp\/v2\/pages"}],"about":[{"href":"https:\/\/redcount.pt\/pt\/wp-json\/wp\/v2\/types\/page"}],"author":[{"embeddable":true,"href":"https:\/\/redcount.pt\/pt\/wp-json\/wp\/v2\/users\/1"}],"replies":[{"embeddable":true,"href":"https:\/\/redcount.pt\/pt\/wp-json\/wp\/v2\/comments?post=6"}],"version-history":[{"count":51,"href":"https:\/\/redcount.pt\/pt\/wp-json\/wp\/v2\/pages\/6\/revisions"}],"predecessor-version":[{"id":526,"href":"https:\/\/redcount.pt\/pt\/wp-json\/wp\/v2\/pages\/6\/revisions\/526"}],"wp:attachment":[{"href":"https:\/\/redcount.pt\/pt\/wp-json\/wp\/v2\/media?parent=6"}],"curies":[{"name":"wp","href":"https:\/\/api.w.org\/{rel}","templated":true}]}}